{"id":12,"date":"2025-06-16T12:51:52","date_gmt":"2025-06-16T11:51:52","guid":{"rendered":"https:\/\/test.studiocasaserena.it\/?page_id=12"},"modified":"2025-11-14T16:08:34","modified_gmt":"2025-11-14T16:08:34","slug":"chi-siamo","status":"publish","type":"page","link":"https:\/\/studiocasaserena.it\/?page_id=12","title":{"rendered":"Chi siamo"},"content":{"rendered":"\t\t<div data-elementor-type=\"wp-page\" data-elementor-id=\"12\" class=\"elementor elementor-12\">\n\t\t\t\t<div class=\"elementor-element elementor-element-000f61b e-flex e-con-boxed e-con e-parent\" data-id=\"000f61b\" data-element_type=\"container\" data-settings=\"{&quot;background_background&quot;:&quot;classic&quot;}\">\n\t\t\t\t\t<div class=\"e-con-inner\">\n\t\t<div class=\"elementor-element elementor-element-119ba10 e-con-full e-flex e-con e-child\" data-id=\"119ba10\" data-element_type=\"container\">\n\t\t\t\t<div class=\"elementor-element elementor-element-b5168bd elementor-widget elementor-widget-heading\" data-id=\"b5168bd\" data-element_type=\"widget\" data-widget_type=\"heading.default\">\n\t\t\t\t<div class=\"elementor-widget-container\">\n\t\t\t\t\t<h1 class=\"elementor-heading-title elementor-size-default\">Chi siamo<\/h1>\t\t\t\t<\/div>\n\t\t\t\t<\/div>\n\t\t\t\t<div class=\"elementor-element elementor-element-80abc4d elementor-widget elementor-widget-text-editor\" data-id=\"80abc4d\" data-element_type=\"widget\" data-widget_type=\"text-editor.default\">\n\t\t\t\t<div class=\"elementor-widget-container\">\n\t\t\t\t\t\t\t\t\t<p>Professionilit\u00e0, trasparenza e vicinanza, dal 1990<\/p>\t\t\t\t\t\t\t\t<\/div>\n\t\t\t\t<\/div>\n\t\t\t\t<\/div>\n\t\t<div class=\"elementor-element elementor-element-7e91385 e-con-full elementor-hidden-mobile e-flex e-con e-child\" data-id=\"7e91385\" data-element_type=\"container\">\n\t\t\t\t<\/div>\n\t\t\t\t\t<\/div>\n\t\t\t\t<\/div>\n\t\t<div class=\"elementor-element elementor-element-ef389cb e-flex e-con-boxed e-con e-parent\" data-id=\"ef389cb\" data-element_type=\"container\">\n\t\t\t\t\t<div class=\"e-con-inner\">\n\t\t\t\t<div class=\"elementor-element elementor-element-82ed6f9 elementor-widget elementor-widget-image\" data-id=\"82ed6f9\" data-element_type=\"widget\" data-widget_type=\"image.default\">\n\t\t\t\t<div class=\"elementor-widget-container\">\n\t\t\t\t\t\t\t\t\t\t\t\t\t\t\t<img fetchpriority=\"high\" decoding=\"async\" width=\"550\" height=\"313\" src=\"https:\/\/studiocasaserena.it\/wp-content\/uploads\/2025\/06\/Mask-group.png\" class=\"attachment-large size-large wp-image-73\" alt=\"picture of the building where the office is\" srcset=\"https:\/\/studiocasaserena.it\/wp-content\/uploads\/2025\/06\/Mask-group.png 550w, https:\/\/studiocasaserena.it\/wp-content\/uploads\/2025\/06\/Mask-group-300x171.png 300w\" sizes=\"(max-width: 550px) 100vw, 550px\" \/>\t\t\t\t\t\t\t\t\t\t\t\t\t\t\t<\/div>\n\t\t\t\t<\/div>\n\t\t<div class=\"elementor-element elementor-element-d48ea2e e-con-full e-flex e-con e-child\" data-id=\"d48ea2e\" data-element_type=\"container\">\n\t\t\t\t<div class=\"elementor-element elementor-element-76c09cb elementor-widget elementor-widget-heading\" data-id=\"76c09cb\" data-element_type=\"widget\" data-widget_type=\"heading.default\">\n\t\t\t\t<div class=\"elementor-widget-container\">\n\t\t\t\t\t<h6 class=\"elementor-heading-title elementor-size-default\">chi<\/h6>\t\t\t\t<\/div>\n\t\t\t\t<\/div>\n\t\t\t\t<div class=\"elementor-element elementor-element-0c9aee5 elementor-widget elementor-widget-heading\" data-id=\"0c9aee5\" data-element_type=\"widget\" data-widget_type=\"heading.default\">\n\t\t\t\t<div class=\"elementor-widget-container\">\n\t\t\t\t\t<h2 class=\"elementor-heading-title elementor-size-default\">La nostra storia<\/h2>\t\t\t\t<\/div>\n\t\t\t\t<\/div>\n\t\t\t\t<div class=\"elementor-element elementor-element-842d552 elementor-widget elementor-widget-text-editor\" data-id=\"842d552\" data-element_type=\"widget\" data-widget_type=\"text-editor.default\">\n\t\t\t\t<div class=\"elementor-widget-container\">\n\t\t\t\t\t\t\t\t\t<p>Fondata nel 1990, Casa Serena \u00e8 una realt\u00e0 solida e affidabile nel campo dell\u2019amministrazione condominiale.\u2028 Alla guida c\u2019\u00e8 Laura Bertuzzi, che gestisce direttamente ogni incarico con cura e competenza.<br \/>Lo studio \u00e8 noto per un approccio diretto, trasparente e sempre disponibile al dialogo con i condomini e i consiglieri.<\/p>\t\t\t\t\t\t\t\t<\/div>\n\t\t\t\t<\/div>\n\t\t\t\t<\/div>\n\t\t\t\t\t<\/div>\n\t\t\t\t<\/div>\n\t\t<div class=\"elementor-element elementor-element-ec569bd e-flex e-con-boxed e-con e-parent\" data-id=\"ec569bd\" data-element_type=\"container\">\n\t\t\t\t\t<div class=\"e-con-inner\">\n\t\t\t\t<div class=\"elementor-element elementor-element-baa0ee7 elementor-widget elementor-widget-heading\" data-id=\"baa0ee7\" data-element_type=\"widget\" data-widget_type=\"heading.default\">\n\t\t\t\t<div class=\"elementor-widget-container\">\n\t\t\t\t\t<h6 class=\"elementor-heading-title elementor-size-default\">chi<\/h6>\t\t\t\t<\/div>\n\t\t\t\t<\/div>\n\t\t\t\t<div class=\"elementor-element elementor-element-e9fed64 elementor-widget elementor-widget-heading\" data-id=\"e9fed64\" data-element_type=\"widget\" data-widget_type=\"heading.default\">\n\t\t\t\t<div class=\"elementor-widget-container\">\n\t\t\t\t\t<h2 class=\"elementor-heading-title elementor-size-default\">La nostra storia<\/h2>\t\t\t\t<\/div>\n\t\t\t\t<\/div>\n\t\t<div class=\"elementor-element elementor-element-dc3a865 e-grid e-con-full e-con e-child\" data-id=\"dc3a865\" data-element_type=\"container\">\n\t\t<div class=\"elementor-element elementor-element-8da76f7 e-con-full e-flex e-con e-child\" data-id=\"8da76f7\" data-element_type=\"container\" data-settings=\"{&quot;background_background&quot;:&quot;classic&quot;}\">\n\t\t\t\t<div class=\"elementor-element elementor-element-d5dd03b elementor-widget elementor-widget-image\" data-id=\"d5dd03b\" data-element_type=\"widget\" data-widget_type=\"image.default\">\n\t\t\t\t<div class=\"elementor-widget-container\">\n\t\t\t\t\t\t\t\t\t\t\t\t\t\t\t<img decoding=\"async\" width=\"64\" height=\"64\" src=\"https:\/\/studiocasaserena.it\/wp-content\/uploads\/2025\/06\/Office-Building-Tall-1-Streamline-Ultimate.svg\" class=\"attachment-large size-large wp-image-74\" alt=\"\" \/>\t\t\t\t\t\t\t\t\t\t\t\t\t\t\t<\/div>\n\t\t\t\t<\/div>\n\t\t\t\t<div class=\"elementor-element elementor-element-4baea55 elementor-widget elementor-widget-heading\" data-id=\"4baea55\" data-element_type=\"widget\" data-widget_type=\"heading.default\">\n\t\t\t\t<div class=\"elementor-widget-container\">\n\t\t\t\t\t<h3 class=\"elementor-heading-title elementor-size-default\">Professionalit\u00e0<\/h3>\t\t\t\t<\/div>\n\t\t\t\t<\/div>\n\t\t\t\t<div class=\"elementor-element elementor-element-c4544b7 elementor-widget elementor-widget-text-editor\" data-id=\"c4544b7\" data-element_type=\"widget\" data-widget_type=\"text-editor.default\">\n\t\t\t\t<div class=\"elementor-widget-container\">\n\t\t\t\t\t\t\t\t\t<p>Conformit\u00e0 normativa, aggiornamento costante e gestione precisa.<\/p>\t\t\t\t\t\t\t\t<\/div>\n\t\t\t\t<\/div>\n\t\t\t\t<\/div>\n\t\t<div class=\"elementor-element elementor-element-3529398 e-con-full e-flex e-con e-child\" data-id=\"3529398\" data-element_type=\"container\" data-settings=\"{&quot;background_background&quot;:&quot;classic&quot;}\">\n\t\t\t\t<div class=\"elementor-element elementor-element-526cab9 elementor-widget elementor-widget-image\" data-id=\"526cab9\" data-element_type=\"widget\" data-widget_type=\"image.default\">\n\t\t\t\t<div class=\"elementor-widget-container\">\n\t\t\t\t\t\t\t\t\t\t\t\t\t\t\t<img decoding=\"async\" width=\"64\" height=\"64\" src=\"https:\/\/studiocasaserena.it\/wp-content\/uploads\/2025\/06\/Conversation-Chat-2-Streamline-Ultimate.svg\" class=\"attachment-large size-large wp-image-72\" alt=\"\" \/>\t\t\t\t\t\t\t\t\t\t\t\t\t\t\t<\/div>\n\t\t\t\t<\/div>\n\t\t\t\t<div class=\"elementor-element elementor-element-e36a3f0 elementor-widget elementor-widget-heading\" data-id=\"e36a3f0\" data-element_type=\"widget\" data-widget_type=\"heading.default\">\n\t\t\t\t<div class=\"elementor-widget-container\">\n\t\t\t\t\t<h3 class=\"elementor-heading-title elementor-size-default\">Comunicazione diretta<\/h3>\t\t\t\t<\/div>\n\t\t\t\t<\/div>\n\t\t\t\t<div class=\"elementor-element elementor-element-ee6fdab elementor-widget elementor-widget-text-editor\" data-id=\"ee6fdab\" data-element_type=\"widget\" data-widget_type=\"text-editor.default\">\n\t\t\t\t<div class=\"elementor-widget-container\">\n\t\t\t\t\t\t\t\t\t<p>Un interlocutore unico per risposte rapide e chiare.<\/p>\t\t\t\t\t\t\t\t<\/div>\n\t\t\t\t<\/div>\n\t\t\t\t<\/div>\n\t\t<div class=\"elementor-element elementor-element-a1ae608 e-con-full e-flex e-con e-child\" data-id=\"a1ae608\" data-element_type=\"container\" data-settings=\"{&quot;background_background&quot;:&quot;classic&quot;}\">\n\t\t\t\t<div class=\"elementor-element elementor-element-e79808b elementor-widget elementor-widget-image\" data-id=\"e79808b\" data-element_type=\"widget\" data-widget_type=\"image.default\">\n\t\t\t\t<div class=\"elementor-widget-container\">\n\t\t\t\t\t\t\t\t\t\t\t\t\t\t\t<img loading=\"lazy\" decoding=\"async\" width=\"64\" height=\"64\" src=\"https:\/\/studiocasaserena.it\/wp-content\/uploads\/2025\/06\/Task-List-Text-Streamline-Ultimate.svg\" class=\"attachment-large size-large wp-image-75\" alt=\"\" \/>\t\t\t\t\t\t\t\t\t\t\t\t\t\t\t<\/div>\n\t\t\t\t<\/div>\n\t\t\t\t<div class=\"elementor-element elementor-element-694c045 elementor-widget elementor-widget-heading\" data-id=\"694c045\" data-element_type=\"widget\" data-widget_type=\"heading.default\">\n\t\t\t\t<div class=\"elementor-widget-container\">\n\t\t\t\t\t<h3 class=\"elementor-heading-title elementor-size-default\">Trasparenza<\/h3>\t\t\t\t<\/div>\n\t\t\t\t<\/div>\n\t\t\t\t<div class=\"elementor-element elementor-element-714203f elementor-widget elementor-widget-text-editor\" data-id=\"714203f\" data-element_type=\"widget\" data-widget_type=\"text-editor.default\">\n\t\t\t\t<div class=\"elementor-widget-container\">\n\t\t\t\t\t\t\t\t\t<p>Nessuna sorpresa: ogni spesa \u00e8 documentata e tracciabile.<\/p>\t\t\t\t\t\t\t\t<\/div>\n\t\t\t\t<\/div>\n\t\t\t\t<\/div>\n\t\t<div class=\"elementor-element elementor-element-ca81eb0 e-con-full e-flex e-con e-child\" data-id=\"ca81eb0\" data-element_type=\"container\" data-settings=\"{&quot;background_background&quot;:&quot;classic&quot;}\">\n\t\t\t\t<div class=\"elementor-element elementor-element-d2c4c84 elementor-widget elementor-widget-image\" data-id=\"d2c4c84\" data-element_type=\"widget\" data-widget_type=\"image.default\">\n\t\t\t\t<div class=\"elementor-widget-container\">\n\t\t\t\t\t\t\t\t\t\t\t\t\t\t\t<img loading=\"lazy\" decoding=\"async\" width=\"64\" height=\"64\" src=\"https:\/\/studiocasaserena.it\/wp-content\/uploads\/2025\/06\/Business-Crossroad-Streamline-Ultimate.svg\" class=\"attachment-large size-large wp-image-71\" alt=\"\" \/>\t\t\t\t\t\t\t\t\t\t\t\t\t\t\t<\/div>\n\t\t\t\t<\/div>\n\t\t\t\t<div class=\"elementor-element elementor-element-24bcf47 elementor-widget elementor-widget-heading\" data-id=\"24bcf47\" data-element_type=\"widget\" data-widget_type=\"heading.default\">\n\t\t\t\t<div class=\"elementor-widget-container\">\n\t\t\t\t\t<h3 class=\"elementor-heading-title elementor-size-default\">Problem solving<\/h3>\t\t\t\t<\/div>\n\t\t\t\t<\/div>\n\t\t\t\t<div class=\"elementor-element elementor-element-17ba39c elementor-widget elementor-widget-text-editor\" data-id=\"17ba39c\" data-element_type=\"widget\" data-widget_type=\"text-editor.default\">\n\t\t\t\t<div class=\"elementor-widget-container\">\n\t\t\t\t\t\t\t\t\t<p>Rapidit\u00e0 negli interventi grazie a una rete di tecnici qualificati.<\/p>\t\t\t\t\t\t\t\t<\/div>\n\t\t\t\t<\/div>\n\t\t\t\t<\/div>\n\t\t\t\t<\/div>\n\t\t\t\t\t<\/div>\n\t\t\t\t<\/div>\n\t\t<div class=\"elementor-element elementor-element-549c859 e-con-full e-flex e-con e-parent\" data-id=\"549c859\" data-element_type=\"container\" data-settings=\"{&quot;background_background&quot;:&quot;classic&quot;}\">\n\t\t<div class=\"elementor-element elementor-element-7b30c12 e-con-full e-flex e-con e-child\" data-id=\"7b30c12\" data-element_type=\"container\">\n\t\t\t\t<div class=\"elementor-element elementor-element-48db706 elementor-widget elementor-widget-heading\" data-id=\"48db706\" data-element_type=\"widget\" data-widget_type=\"heading.default\">\n\t\t\t\t<div class=\"elementor-widget-container\">\n\t\t\t\t\t<h6 class=\"elementor-heading-title elementor-size-default\">dove<\/h6>\t\t\t\t<\/div>\n\t\t\t\t<\/div>\n\t\t\t\t<div class=\"elementor-element elementor-element-133a15a elementor-widget elementor-widget-heading\" data-id=\"133a15a\" data-element_type=\"widget\" data-widget_type=\"heading.default\">\n\t\t\t\t<div class=\"elementor-widget-container\">\n\t\t\t\t\t<h2 class=\"elementor-heading-title elementor-size-default\">Dove operiamo<\/h2>\t\t\t\t<\/div>\n\t\t\t\t<\/div>\n\t\t\t\t<div class=\"elementor-element elementor-element-ededbe0 elementor-widget elementor-widget-text-editor\" data-id=\"ededbe0\" data-element_type=\"widget\" data-widget_type=\"text-editor.default\">\n\t\t\t\t<div class=\"elementor-widget-container\">\n\t\t\t\t\t\t\t\t\t<p>Lo studio Casa Serena ha sede a Imola e opera in tutta la provincia di Bologna, con particolare attenzione ai comuni di:<\/p><ul><li>Imola<\/li><li>Castel San Pietro Terme<\/li><li>Dozza<\/li><li>Medicina<\/li><li>Castel Guelfo<\/li><li>Ozzano dell\u2019Emilia<\/li><li>Casalfiumanese<\/li><li>Borgo Tossignano<\/li><li>Castel Bolognese<\/li><\/ul><p>\u00a0<\/p><p>Se il tuo condominio si trova in queste aree, contattaci: valuteremo insieme come offrirti il miglior servizio possibile.<\/p>\t\t\t\t\t\t\t\t<\/div>\n\t\t\t\t<\/div>\n\t\t\t\t<\/div>\n\t\t\t\t<div class=\"elementor-element elementor-element-036c7e8 elementor-widget elementor-widget-image\" data-id=\"036c7e8\" data-element_type=\"widget\" data-widget_type=\"image.default\">\n\t\t\t\t<div class=\"elementor-widget-container\">\n\t\t\t\t\t\t\t\t\t\t\t\t\t\t\t<img loading=\"lazy\" decoding=\"async\" width=\"800\" height=\"592\" src=\"https:\/\/studiocasaserena.it\/wp-content\/uploads\/2025\/06\/Mask-group-1.png\" class=\"attachment-large size-large wp-image-81\" alt=\"\" srcset=\"https:\/\/studiocasaserena.it\/wp-content\/uploads\/2025\/06\/Mask-group-1.png 921w, https:\/\/studiocasaserena.it\/wp-content\/uploads\/2025\/06\/Mask-group-1-300x222.png 300w, https:\/\/studiocasaserena.it\/wp-content\/uploads\/2025\/06\/Mask-group-1-768x568.png 768w\" sizes=\"(max-width: 800px) 100vw, 800px\" \/>\t\t\t\t\t\t\t\t\t\t\t\t\t\t\t<\/div>\n\t\t\t\t<\/div>\n\t\t\t\t<\/div>\n\t\t<div class=\"elementor-element elementor-element-b97a9f1 e-con-full e-flex e-con e-parent\" data-id=\"b97a9f1\" data-element_type=\"container\" data-settings=\"{&quot;background_background&quot;:&quot;classic&quot;}\">\n\t\t\t\t<div class=\"elementor-element elementor-element-8d76df3 elementor-widget elementor-widget-image\" data-id=\"8d76df3\" data-element_type=\"widget\" data-widget_type=\"image.default\">\n\t\t\t\t<div class=\"elementor-widget-container\">\n\t\t\t\t\t\t\t\t\t\t\t\t\t\t\t<img loading=\"lazy\" decoding=\"async\" width=\"800\" height=\"307\" src=\"https:\/\/studiocasaserena.it\/wp-content\/uploads\/2025\/06\/logo_CasaSerena_white.svg\" class=\"attachment-large size-large wp-image-19\" alt=\"\" \/>\t\t\t\t\t\t\t\t\t\t\t\t\t\t\t<\/div>\n\t\t\t\t<\/div>\n\t\t\t\t<\/div>\n\t\t<div class=\"elementor-element elementor-element-7a69fd63 e-flex e-con-boxed e-con e-parent\" data-id=\"7a69fd63\" data-element_type=\"container\">\n\t\t\t\t\t<div class=\"e-con-inner\">\n\t\t<div class=\"elementor-element elementor-element-578d76ab e-con-full e-flex e-con e-child\" data-id=\"578d76ab\" data-element_type=\"container\">\n\t\t\t\t<div class=\"elementor-element elementor-element-1e1dd482 elementor-widget elementor-widget-heading\" data-id=\"1e1dd482\" data-element_type=\"widget\" data-widget_type=\"heading.default\">\n\t\t\t\t<div class=\"elementor-widget-container\">\n\t\t\t\t\t<h6 class=\"elementor-heading-title elementor-size-default\">chi<\/h6>\t\t\t\t<\/div>\n\t\t\t\t<\/div>\n\t\t\t\t<div class=\"elementor-element elementor-element-2e32d2bf elementor-widget elementor-widget-heading\" data-id=\"2e32d2bf\" data-element_type=\"widget\" data-widget_type=\"heading.default\">\n\t\t\t\t<div class=\"elementor-widget-container\">\n\t\t\t\t\t<h2 class=\"elementor-heading-title elementor-size-default\">Scopri chi siamo<\/h2>\t\t\t\t<\/div>\n\t\t\t\t<\/div>\n\t\t\t\t<div class=\"elementor-element elementor-element-780049ec elementor-widget elementor-widget-text-editor\" data-id=\"780049ec\" data-element_type=\"widget\" data-widget_type=\"text-editor.default\">\n\t\t\t\t<div class=\"elementor-widget-container\">\n\t\t\t\t\t\t\t\t\t<p data-start=\"112\" data-end=\"474\">Siamo stati ospiti a Story Time! In questa puntata del programma radiofonico, abbiamo avuto il piacere di raccontare la nostra realt\u00e0 a Studio Casa Serena.<\/p>\t\t\t\t\t\t\t\t<\/div>\n\t\t\t\t<\/div>\n\t\t\t\t<div class=\"elementor-element elementor-element-4075e15 elementor-widget elementor-widget-video\" data-id=\"4075e15\" data-element_type=\"widget\" data-settings=\"{&quot;youtube_url&quot;:&quot;https:\\\/\\\/www.youtube.com\\\/watch?v=6o4NU6N9HK4&quot;,&quot;video_type&quot;:&quot;youtube&quot;,&quot;controls&quot;:&quot;yes&quot;}\" data-widget_type=\"video.default\">\n\t\t\t\t<div class=\"elementor-widget-container\">\n\t\t\t\t\t\t\t<div class=\"elementor-wrapper elementor-open-inline\">\n\t\t\t<div class=\"elementor-video\"><\/div>\t\t<\/div>\n\t\t\t\t\t\t<\/div>\n\t\t\t\t<\/div>\n\t\t\t\t<\/div>\n\t\t\t\t\t<\/div>\n\t\t\t\t<\/div>\n\t\t<div class=\"elementor-element elementor-element-ce6668c e-flex e-con-boxed e-con e-parent\" data-id=\"ce6668c\" data-element_type=\"container\">\n\t\t\t\t\t<div class=\"e-con-inner\">\n\t\t<div class=\"elementor-element elementor-element-38bef88 e-con-full e-flex e-con e-child\" data-id=\"38bef88\" data-element_type=\"container\" data-settings=\"{&quot;background_background&quot;:&quot;classic&quot;}\">\n\t\t\t\t<div class=\"elementor-element elementor-element-b4830e7 elementor-widget elementor-widget-heading\" data-id=\"b4830e7\" data-element_type=\"widget\" data-widget_type=\"heading.default\">\n\t\t\t\t<div class=\"elementor-widget-container\">\n\t\t\t\t\t<h3 class=\"elementor-heading-title elementor-size-default\">Cerchi un amministratore<br> che ti ascolti davvero?<\/h3>\t\t\t\t<\/div>\n\t\t\t\t<\/div>\n\t\t\t\t<div class=\"elementor-element elementor-element-e7613a6 elementor-widget elementor-widget-button\" data-id=\"e7613a6\" data-element_type=\"widget\" data-widget_type=\"button.default\">\n\t\t\t\t<div class=\"elementor-widget-container\">\n\t\t\t\t\t\t\t\t\t<div class=\"elementor-button-wrapper\">\n\t\t\t\t\t<a class=\"elementor-button elementor-button-link elementor-size-sm\" href=\"https:\/\/test.studiocasaserena.it\/?page_id=17\">\n\t\t\t\t\t\t<span class=\"elementor-button-content-wrapper\">\n\t\t\t\t\t\t\t\t\t<span class=\"elementor-button-text\">Contattaci ora<\/span>\n\t\t\t\t\t<\/span>\n\t\t\t\t\t<\/a>\n\t\t\t\t<\/div>\n\t\t\t\t\t\t\t\t<\/div>\n\t\t\t\t<\/div>\n\t\t\t\t<\/div>\n\t\t\t\t\t<\/div>\n\t\t\t\t<\/div>\n\t\t\t\t<\/div>\n\t\t","protected":false},"excerpt":{"rendered":"<p>Chi siamo Professionilit\u00e0, trasparenza e vicinanza, dal 1990 chi La nostra storia Fondata nel 1990, Casa Serena \u00e8 una realt\u00e0 solida e affidabile nel campo dell\u2019amministrazione condominiale.\u2028 Alla guida c\u2019\u00e8 Laura Bertuzzi, che gestisce direttamente ogni incarico con cura e competenza.Lo studio \u00e8 noto per un approccio diretto, trasparente e sempre disponibile al dialogo con [&hellip;]<\/p>\n","protected":false},"author":1,"featured_media":0,"parent":0,"menu_order":0,"comment_status":"closed","ping_status":"closed","template":"","meta":{"footnotes":""},"class_list":["post-12","page","type-page","status-publish","hentry"],"_links":{"self":[{"href":"https:\/\/studiocasaserena.it\/index.php?rest_route=\/wp\/v2\/pages\/12","targetHints":{"allow":["GET"]}}],"collection":[{"href":"https:\/\/studiocasaserena.it\/index.php?rest_route=\/wp\/v2\/pages"}],"about":[{"href":"https:\/\/studiocasaserena.it\/index.php?rest_route=\/wp\/v2\/types\/page"}],"author":[{"embeddable":true,"href":"https:\/\/studiocasaserena.it\/index.php?rest_route=\/wp\/v2\/users\/1"}],"replies":[{"embeddable":true,"href":"https:\/\/studiocasaserena.it\/index.php?rest_route=%2Fwp%2Fv2%2Fcomments&post=12"}],"version-history":[{"count":37,"href":"https:\/\/studiocasaserena.it\/index.php?rest_route=\/wp\/v2\/pages\/12\/revisions"}],"predecessor-version":[{"id":308,"href":"https:\/\/studiocasaserena.it\/index.php?rest_route=\/wp\/v2\/pages\/12\/revisions\/308"}],"wp:attachment":[{"href":"https:\/\/studiocasaserena.it\/index.php?rest_route=%2Fwp%2Fv2%2Fmedia&parent=12"}],"curies":[{"name":"wp","href":"https:\/\/api.w.org\/{rel}","templated":true}]}}